{"id":574,"date":"2023-12-29T08:35:32","date_gmt":"2023-12-29T08:35:32","guid":{"rendered":"https:\/\/ganhhanoirestaurant.com\/?page_id=574"},"modified":"2024-01-04T04:03:16","modified_gmt":"2024-01-04T04:03:16","slug":"chuong-trinh-khuyen-mai","status":"publish","type":"page","link":"https:\/\/ganhhanoirestaurant.com\/en\/chuong-trinh-khuyen-mai","title":{"rendered":"Khuy\u1ebfn M\u00e3i"},"content":{"rendered":"<div class=\"row align-equal\"  id=\"row-1523412442\">\n\n\t<div id=\"col-924874409\" class=\"col small-12 large-12\"  >\n\t\t\t\t<div class=\"col-inner\"  >\n\t\t\t\n\t\t\t\n\t<div id=\"text-2370741420\" class=\"text\">\n\t\t\n<hr class=\"WUdCTb\" \/>\n<h3 class=\"Igsabe\"><span style=\"font-size: 150%;\">B\u00f9ng n\u1ed5 \u01b0u \u0111\u00e3i cu\u1ed1i n\u0103m v\u00e0 ch\u00e0o n\u0103m m\u1edbi 2024<\/span><\/h3>\n\t\t\n<style>\n#text-2370741420 {\n  text-align: center;\n}\n<\/style>\n\t<\/div>\n\t\n\n  \n    <div class=\"row large-columns-2 medium-columns- small-columns-\">\n  <div class=\"gallery-col col\" >\n          <div class=\"col-inner\">\n            <a class=\"image-lightbox lightbox-gallery\" href=\"https:\/\/ganhhanoirestaurant.com\/wp-content\/uploads\/2024\/01\/z5034844446696_522498b7ae5d8257fa5c10d863bbbad8.jpg\" title=\"\">            <div class=\"box has-hover gallery-box box-normal\">\n              <div class=\"box-image\" >\n                <img decoding=\"async\" width=\"905\" height=\"1280\" src=\"https:\/\/ganhhanoirestaurant.com\/wp-content\/uploads\/2024\/01\/z5034844446696_522498b7ae5d8257fa5c10d863bbbad8.jpg\" class=\"attachment-original size-original\" alt=\"\" ids=\"612,611,623,624\" style=\"normal\" lightbox_image_size=\"original\" columns=\"2\" image_size=\"original\" srcset=\"https:\/\/ganhhanoirestaurant.com\/wp-content\/uploads\/2024\/01\/z5034844446696_522498b7ae5d8257fa5c10d863bbbad8.jpg 905w, https:\/\/ganhhanoirestaurant.com\/wp-content\/uploads\/2024\/01\/z5034844446696_522498b7ae5d8257fa5c10d863bbbad8-768x1086.jpg 768w, https:\/\/ganhhanoirestaurant.com\/wp-content\/uploads\/2024\/01\/z5034844446696_522498b7ae5d8257fa5c10d863bbbad8-8x12.jpg 8w, https:\/\/ganhhanoirestaurant.com\/wp-content\/uploads\/2024\/01\/z5034844446696_522498b7ae5d8257fa5c10d863bbbad8-247x349.jpg 247w, https:\/\/ganhhanoirestaurant.com\/wp-content\/uploads\/2024\/01\/z5034844446696_522498b7ae5d8257fa5c10d863bbbad8-510x721.jpg 510w\" sizes=\"(max-width: 905px) 100vw, 905px\" \/>                                                              <\/div>\n              <div class=\"box-text text-left\" >\n                 <p><\/p>\n              <\/div>\n            <\/div>\n            <\/a>          <\/div>\n         <\/div><div class=\"gallery-col col\" >\n          <div class=\"col-inner\">\n            <a class=\"image-lightbox lightbox-gallery\" href=\"https:\/\/ganhhanoirestaurant.com\/wp-content\/uploads\/2024\/01\/z5034844083331_967fa408e9017091b1f7ea54fb74e32b.jpg\" title=\"\">            <div class=\"box has-hover gallery-box box-normal\">\n              <div class=\"box-image\" >\n                <img decoding=\"async\" width=\"905\" height=\"1280\" src=\"https:\/\/ganhhanoirestaurant.com\/wp-content\/uploads\/2024\/01\/z5034844083331_967fa408e9017091b1f7ea54fb74e32b.jpg\" class=\"attachment-original size-original\" alt=\"\" ids=\"612,611,623,624\" style=\"normal\" lightbox_image_size=\"original\" columns=\"2\" image_size=\"original\" srcset=\"https:\/\/ganhhanoirestaurant.com\/wp-content\/uploads\/2024\/01\/z5034844083331_967fa408e9017091b1f7ea54fb74e32b.jpg 905w, https:\/\/ganhhanoirestaurant.com\/wp-content\/uploads\/2024\/01\/z5034844083331_967fa408e9017091b1f7ea54fb74e32b-768x1086.jpg 768w, https:\/\/ganhhanoirestaurant.com\/wp-content\/uploads\/2024\/01\/z5034844083331_967fa408e9017091b1f7ea54fb74e32b-8x12.jpg 8w, https:\/\/ganhhanoirestaurant.com\/wp-content\/uploads\/2024\/01\/z5034844083331_967fa408e9017091b1f7ea54fb74e32b-247x349.jpg 247w, https:\/\/ganhhanoirestaurant.com\/wp-content\/uploads\/2024\/01\/z5034844083331_967fa408e9017091b1f7ea54fb74e32b-510x721.jpg 510w\" sizes=\"(max-width: 905px) 100vw, 905px\" \/>                                                              <\/div>\n              <div class=\"box-text text-left\" >\n                 <p><\/p>\n              <\/div>\n            <\/div>\n            <\/a>          <\/div>\n         <\/div><div class=\"gallery-col col\" >\n          <div class=\"col-inner\">\n            <a class=\"image-lightbox lightbox-gallery\" href=\"https:\/\/ganhhanoirestaurant.com\/wp-content\/uploads\/2024\/01\/moi-2.jpg\" title=\"\">            <div class=\"box has-hover gallery-box box-normal\">\n              <div class=\"box-image\" >\n                <img decoding=\"async\" width=\"905\" height=\"1280\" src=\"https:\/\/ganhhanoirestaurant.com\/wp-content\/uploads\/2024\/01\/moi-2.jpg\" class=\"attachment-original size-original\" alt=\"\" ids=\"612,611,623,624\" style=\"normal\" lightbox_image_size=\"original\" columns=\"2\" image_size=\"original\" srcset=\"https:\/\/ganhhanoirestaurant.com\/wp-content\/uploads\/2024\/01\/moi-2.jpg 905w, https:\/\/ganhhanoirestaurant.com\/wp-content\/uploads\/2024\/01\/moi-2-768x1086.jpg 768w, https:\/\/ganhhanoirestaurant.com\/wp-content\/uploads\/2024\/01\/moi-2-8x12.jpg 8w, https:\/\/ganhhanoirestaurant.com\/wp-content\/uploads\/2024\/01\/moi-2-247x349.jpg 247w, https:\/\/ganhhanoirestaurant.com\/wp-content\/uploads\/2024\/01\/moi-2-510x721.jpg 510w\" sizes=\"(max-width: 905px) 100vw, 905px\" \/>                                                              <\/div>\n              <div class=\"box-text text-left\" >\n                 <p><\/p>\n              <\/div>\n            <\/div>\n            <\/a>          <\/div>\n         <\/div><div class=\"gallery-col col\" >\n          <div class=\"col-inner\">\n            <a class=\"image-lightbox lightbox-gallery\" href=\"https:\/\/ganhhanoirestaurant.com\/wp-content\/uploads\/2024\/01\/moi-1.jpg\" title=\"\">            <div class=\"box has-hover gallery-box box-normal\">\n              <div class=\"box-image\" >\n                <img decoding=\"async\" width=\"905\" height=\"1280\" src=\"https:\/\/ganhhanoirestaurant.com\/wp-content\/uploads\/2024\/01\/moi-1.jpg\" class=\"attachment-original size-original\" alt=\"\" ids=\"612,611,623,624\" style=\"normal\" lightbox_image_size=\"original\" columns=\"2\" image_size=\"original\" srcset=\"https:\/\/ganhhanoirestaurant.com\/wp-content\/uploads\/2024\/01\/moi-1.jpg 905w, https:\/\/ganhhanoirestaurant.com\/wp-content\/uploads\/2024\/01\/moi-1-768x1086.jpg 768w, https:\/\/ganhhanoirestaurant.com\/wp-content\/uploads\/2024\/01\/moi-1-8x12.jpg 8w, https:\/\/ganhhanoirestaurant.com\/wp-content\/uploads\/2024\/01\/moi-1-247x349.jpg 247w, https:\/\/ganhhanoirestaurant.com\/wp-content\/uploads\/2024\/01\/moi-1-510x721.jpg 510w\" sizes=\"(max-width: 905px) 100vw, 905px\" \/>                                                              <\/div>\n              <div class=\"box-text text-left\" >\n                 <p><\/p>\n              <\/div>\n            <\/div>\n            <\/a>          <\/div>\n         <\/div><\/div>\n\t\t<\/div>\n\t\t\t\t\t<\/div>\n\n\t\n<\/div>","protected":false},"excerpt":{"rendered":"","protected":false},"author":1,"featured_media":0,"parent":0,"menu_order":0,"comment_status":"closed","ping_status":"closed","template":"","meta":{"footnotes":""},"class_list":["post-574","page","type-page","status-publish","hentry"],"yoast_head":"<!-- This site is optimized with the Yoast SEO Premium plugin v19.0.1 (Yoast SEO v20.4) - https:\/\/yoast.com\/wordpress\/plugins\/seo\/ -->\n<title>Khuy\u1ebfn M\u00e3i - G\u00e1nh H\u00e0 N\u1ed9i Restaurant<\/title>\n<meta name=\"robots\" content=\"index, follow, max-snippet:-1, max-image-preview:large, max-video-preview:-1\" \/>\n<link rel=\"canonical\" href=\"https:\/\/ganhhanoirestaurant.com\/en\/chuong-trinh-khuyen-mai\/\" \/>\n<meta property=\"og:locale\" content=\"en_US\" \/>\n<meta property=\"og:type\" content=\"article\" \/>\n<meta property=\"og:title\" content=\"Khuy\u1ebfn M\u00e3i\" \/>\n<meta property=\"og:url\" content=\"https:\/\/ganhhanoirestaurant.com\/en\/chuong-trinh-khuyen-mai\/\" \/>\n<meta property=\"og:site_name\" content=\"G\u00e1nh H\u00e0 N\u1ed9i Restaurant\" \/>\n<meta property=\"article:publisher\" content=\"https:\/\/www.facebook.com\/ganhhanoi.115hangbuom\" \/>\n<meta property=\"article:modified_time\" content=\"2024-01-04T04:03:16+00:00\" \/>\n<meta name=\"twitter:card\" content=\"summary_large_image\" \/>\n<script type=\"application\/ld+json\" class=\"yoast-schema-graph\">{\"@context\":\"https:\/\/schema.org\",\"@graph\":[{\"@type\":\"WebPage\",\"@id\":\"https:\/\/ganhhanoirestaurant.com\/chuong-trinh-khuyen-mai\",\"url\":\"https:\/\/ganhhanoirestaurant.com\/chuong-trinh-khuyen-mai\",\"name\":\"Khuy\u1ebfn M\u00e3i - G\u00e1nh H\u00e0 N\u1ed9i Restaurant\",\"isPartOf\":{\"@id\":\"https:\/\/ganhhanoirestaurant.com\/#website\"},\"datePublished\":\"2023-12-29T08:35:32+00:00\",\"dateModified\":\"2024-01-04T04:03:16+00:00\",\"breadcrumb\":{\"@id\":\"https:\/\/ganhhanoirestaurant.com\/chuong-trinh-khuyen-mai#breadcrumb\"},\"inLanguage\":\"en-US\",\"potentialAction\":[{\"@type\":\"ReadAction\",\"target\":[\"https:\/\/ganhhanoirestaurant.com\/chuong-trinh-khuyen-mai\"]}]},{\"@type\":\"BreadcrumbList\",\"@id\":\"https:\/\/ganhhanoirestaurant.com\/chuong-trinh-khuyen-mai#breadcrumb\",\"itemListElement\":[{\"@type\":\"ListItem\",\"position\":1,\"name\":\"Home\",\"item\":\"https:\/\/ganhhanoirestaurant.com\/\"},{\"@type\":\"ListItem\",\"position\":2,\"name\":\"Khuy\u1ebfn M\u00e3i\"}]},{\"@type\":\"WebSite\",\"@id\":\"https:\/\/ganhhanoirestaurant.com\/#website\",\"url\":\"https:\/\/ganhhanoirestaurant.com\/\",\"name\":\"G\u00e1nh H\u00e0 N\u1ed9i Vietnamese Restaurant & Vegetarian Food\",\"description\":\"\",\"publisher\":{\"@id\":\"https:\/\/ganhhanoirestaurant.com\/#organization\"},\"potentialAction\":[{\"@type\":\"SearchAction\",\"target\":{\"@type\":\"EntryPoint\",\"urlTemplate\":\"https:\/\/ganhhanoirestaurant.com\/?s={search_term_string}\"},\"query-input\":\"required name=search_term_string\"}],\"inLanguage\":\"en-US\"},{\"@type\":\"Organization\",\"@id\":\"https:\/\/ganhhanoirestaurant.com\/#organization\",\"name\":\"G\u00e1nh H\u00e0 N\u1ed9i Vietnamese Restaurant & Vegetarian Food\",\"url\":\"https:\/\/ganhhanoirestaurant.com\/\",\"logo\":{\"@type\":\"ImageObject\",\"inLanguage\":\"en-US\",\"@id\":\"https:\/\/ganhhanoirestaurant.com\/#\/schema\/logo\/image\/\",\"url\":\"https:\/\/ganhhanoirestaurant.com\/wp-content\/uploads\/2024\/09\/logo-GANH.png\",\"contentUrl\":\"https:\/\/ganhhanoirestaurant.com\/wp-content\/uploads\/2024\/09\/logo-GANH.png\",\"width\":2268,\"height\":1334,\"caption\":\"G\u00e1nh H\u00e0 N\u1ed9i Vietnamese Restaurant & Vegetarian Food\"},\"image\":{\"@id\":\"https:\/\/ganhhanoirestaurant.com\/#\/schema\/logo\/image\/\"},\"sameAs\":[\"https:\/\/www.facebook.com\/ganhhanoi.115hangbuom\"]}]}<\/script>\n<!-- \/ Yoast SEO Premium plugin. -->","yoast_head_json":{"title":"Khuy\u1ebfn M\u00e3i - G\u00e1nh H\u00e0 N\u1ed9i Restaurant","robots":{"index":"index","follow":"follow","max-snippet":"max-snippet:-1","max-image-preview":"max-image-preview:large","max-video-preview":"max-video-preview:-1"},"canonical":"https:\/\/ganhhanoirestaurant.com\/en\/chuong-trinh-khuyen-mai\/","og_locale":"en_US","og_type":"article","og_title":"Khuy\u1ebfn M\u00e3i","og_url":"https:\/\/ganhhanoirestaurant.com\/en\/chuong-trinh-khuyen-mai\/","og_site_name":"G\u00e1nh H\u00e0 N\u1ed9i Restaurant","article_publisher":"https:\/\/www.facebook.com\/ganhhanoi.115hangbuom","article_modified_time":"2024-01-04T04:03:16+00:00","twitter_card":"summary_large_image","schema":{"@context":"https:\/\/schema.org","@graph":[{"@type":"WebPage","@id":"https:\/\/ganhhanoirestaurant.com\/chuong-trinh-khuyen-mai","url":"https:\/\/ganhhanoirestaurant.com\/chuong-trinh-khuyen-mai","name":"Khuy\u1ebfn M\u00e3i - G\u00e1nh H\u00e0 N\u1ed9i Restaurant","isPartOf":{"@id":"https:\/\/ganhhanoirestaurant.com\/#website"},"datePublished":"2023-12-29T08:35:32+00:00","dateModified":"2024-01-04T04:03:16+00:00","breadcrumb":{"@id":"https:\/\/ganhhanoirestaurant.com\/chuong-trinh-khuyen-mai#breadcrumb"},"inLanguage":"en-US","potentialAction":[{"@type":"ReadAction","target":["https:\/\/ganhhanoirestaurant.com\/chuong-trinh-khuyen-mai"]}]},{"@type":"BreadcrumbList","@id":"https:\/\/ganhhanoirestaurant.com\/chuong-trinh-khuyen-mai#breadcrumb","itemListElement":[{"@type":"ListItem","position":1,"name":"Home","item":"https:\/\/ganhhanoirestaurant.com\/"},{"@type":"ListItem","position":2,"name":"Khuy\u1ebfn M\u00e3i"}]},{"@type":"WebSite","@id":"https:\/\/ganhhanoirestaurant.com\/#website","url":"https:\/\/ganhhanoirestaurant.com\/","name":"G\u00e1nh H\u00e0 N\u1ed9i Vietnamese Restaurant & Vegetarian Food","description":"","publisher":{"@id":"https:\/\/ganhhanoirestaurant.com\/#organization"},"potentialAction":[{"@type":"SearchAction","target":{"@type":"EntryPoint","urlTemplate":"https:\/\/ganhhanoirestaurant.com\/?s={search_term_string}"},"query-input":"required name=search_term_string"}],"inLanguage":"en-US"},{"@type":"Organization","@id":"https:\/\/ganhhanoirestaurant.com\/#organization","name":"G\u00e1nh H\u00e0 N\u1ed9i Vietnamese Restaurant & Vegetarian Food","url":"https:\/\/ganhhanoirestaurant.com\/","logo":{"@type":"ImageObject","inLanguage":"en-US","@id":"https:\/\/ganhhanoirestaurant.com\/#\/schema\/logo\/image\/","url":"https:\/\/ganhhanoirestaurant.com\/wp-content\/uploads\/2024\/09\/logo-GANH.png","contentUrl":"https:\/\/ganhhanoirestaurant.com\/wp-content\/uploads\/2024\/09\/logo-GANH.png","width":2268,"height":1334,"caption":"G\u00e1nh H\u00e0 N\u1ed9i Vietnamese Restaurant & Vegetarian Food"},"image":{"@id":"https:\/\/ganhhanoirestaurant.com\/#\/schema\/logo\/image\/"},"sameAs":["https:\/\/www.facebook.com\/ganhhanoi.115hangbuom"]}]}},"_links":{"self":[{"href":"https:\/\/ganhhanoirestaurant.com\/en\/wp-json\/wp\/v2\/pages\/574","targetHints":{"allow":["GET"]}}],"collection":[{"href":"https:\/\/ganhhanoirestaurant.com\/en\/wp-json\/wp\/v2\/pages"}],"about":[{"href":"https:\/\/ganhhanoirestaurant.com\/en\/wp-json\/wp\/v2\/types\/page"}],"author":[{"embeddable":true,"href":"https:\/\/ganhhanoirestaurant.com\/en\/wp-json\/wp\/v2\/users\/1"}],"replies":[{"embeddable":true,"href":"https:\/\/ganhhanoirestaurant.com\/en\/wp-json\/wp\/v2\/comments?post=574"}],"version-history":[{"count":22,"href":"https:\/\/ganhhanoirestaurant.com\/en\/wp-json\/wp\/v2\/pages\/574\/revisions"}],"predecessor-version":[{"id":625,"href":"https:\/\/ganhhanoirestaurant.com\/en\/wp-json\/wp\/v2\/pages\/574\/revisions\/625"}],"wp:attachment":[{"href":"https:\/\/ganhhanoirestaurant.com\/en\/wp-json\/wp\/v2\/media?parent=574"}],"curies":[{"name":"wp","href":"https:\/\/api.w.org\/{rel}","templated":true}]}}